{"id":10,"date":"2020-04-06T17:03:20","date_gmt":"2020-04-06T17:03:20","guid":{"rendered":"http:\/\/quantania.de\/?page_id=10"},"modified":"2024-09-23T11:51:30","modified_gmt":"2024-09-23T09:51:30","slug":"home","status":"publish","type":"page","link":"http:\/\/quantania.de\/","title":{"rendered":"home"},"content":{"rendered":"\t\t<div data-elementor-type=\"wp-page\" data-elementor-id=\"10\" class=\"elementor elementor-10\" data-elementor-settings=\"[]\">\n\t\t\t\t\t\t<div class=\"elementor-inner\">\n\t\t\t\t\t\t\t<div class=\"elementor-section-wrap\">\n\t\t\t\t\t\t\t<section class=\"elementor-section elementor-top-section elementor-element elementor-element-805978a elementor-section-boxed elementor-section-height-default elementor-section-height-default\" data-id=\"805978a\" data-element_type=\"section\">\n\t\t\t\t\t\t<div class=\"elementor-container elementor-column-gap-default\">\n\t\t\t\t\t\t\t<div class=\"elementor-row\">\n\t\t\t\t\t<div class=\"elementor-column elementor-col-100 elementor-top-column elementor-element elementor-element-5772a52\" data-id=\"5772a52\" data-element_type=\"column\">\n\t\t\t<div class=\"elementor-column-wrap elementor-element-populated\">\n\t\t\t\t\t\t\t<div class=\"elementor-widget-wrap\">\n\t\t\t\t\t\t<div class=\"elementor-element elementor-element-da96495 elementor-aspect-ratio-11 elementor-widget elementor-widget-video\" data-id=\"da96495\" data-element_type=\"widget\" data-settings=\"{&quot;video_type&quot;:&quot;hosted&quot;,&quot;loop&quot;:&quot;yes&quot;,&quot;aspect_ratio&quot;:&quot;11&quot;,&quot;controls&quot;:&quot;yes&quot;}\" data-widget_type=\"video.default\">\n\t\t\t\t<div class=\"elementor-widget-container\">\n\t\t\t\t\t<div class=\"e-hosted-video elementor-wrapper elementor-fit-aspect-ratio elementor-open-inline\">\n\t\t\t\t\t<video class=\"elementor-video\" src=\"http:\/\/quantania.de\/wp-content\/uploads\/2024\/09\/Video-Anzeige-chiSign_feng-Shui.mp4\" loop=\"\" controls=\"\" controlsList=\"nodownload\"><\/video>\n\t\t\t\t<\/div>\n\t\t\t\t<\/div>\n\t\t\t\t<\/div>\n\t\t\t\t<div class=\"elementor-element elementor-element-fad27d8 elementor-widget elementor-widget-heading\" data-id=\"fad27d8\" data-element_type=\"widget\" data-widget_type=\"heading.default\">\n\t\t\t\t<div class=\"elementor-widget-container\">\n\t\t\t<h1 class=\"elementor-heading-title elementor-size-default\">Das Firmenlogo auf Basis von Feng Shui<\/h1>\t\t<\/div>\n\t\t\t\t<\/div>\n\t\t\t\t\t\t<\/div>\n\t\t\t\t\t<\/div>\n\t\t<\/div>\n\t\t\t\t\t\t\t\t<\/div>\n\t\t\t\t\t<\/div>\n\t\t<\/section>\n\t\t\t\t<section class=\"elementor-section elementor-top-section elementor-element elementor-element-cb0ccd4 elementor-section-boxed elementor-section-height-default elementor-section-height-default\" data-id=\"cb0ccd4\" data-element_type=\"section\">\n\t\t\t\t\t\t<div class=\"elementor-container elementor-column-gap-default\">\n\t\t\t\t\t\t\t<div class=\"elementor-row\">\n\t\t\t\t\t<div class=\"elementor-column elementor-col-33 elementor-top-column elementor-element elementor-element-8d394d7\" data-id=\"8d394d7\" data-element_type=\"column\">\n\t\t\t<div class=\"elementor-column-wrap\">\n\t\t\t\t\t\t\t<div class=\"elementor-widget-wrap\">\n\t\t\t\t\t\t\t\t<\/div>\n\t\t\t\t\t<\/div>\n\t\t<\/div>\n\t\t\t\t<div class=\"elementor-column elementor-col-33 elementor-top-column elementor-element elementor-element-de08213\" data-id=\"de08213\" data-element_type=\"column\">\n\t\t\t<div class=\"elementor-column-wrap\">\n\t\t\t\t\t\t\t<div class=\"elementor-widget-wrap\">\n\t\t\t\t\t\t\t\t<\/div>\n\t\t\t\t\t<\/div>\n\t\t<\/div>\n\t\t\t\t<div class=\"elementor-column elementor-col-33 elementor-top-column elementor-element elementor-element-c8a6df3\" data-id=\"c8a6df3\" data-element_type=\"column\">\n\t\t\t<div class=\"elementor-column-wrap\">\n\t\t\t\t\t\t\t<div class=\"elementor-widget-wrap\">\n\t\t\t\t\t\t\t\t<\/div>\n\t\t\t\t\t<\/div>\n\t\t<\/div>\n\t\t\t\t\t\t\t\t<\/div>\n\t\t\t\t\t<\/div>\n\t\t<\/section>\n\t\t\t\t<section class=\"elementor-section elementor-top-section elementor-element elementor-element-2779cad elementor-section-boxed elementor-section-height-default elementor-section-height-default\" data-id=\"2779cad\" data-element_type=\"section\">\n\t\t\t\t\t\t<div class=\"elementor-container elementor-column-gap-default\">\n\t\t\t\t\t\t\t<div class=\"elementor-row\">\n\t\t\t\t\t<div class=\"elementor-column elementor-col-100 elementor-top-column elementor-element elementor-element-7d2f55f\" data-id=\"7d2f55f\" data-element_type=\"column\">\n\t\t\t<div class=\"elementor-column-wrap elementor-element-populated\">\n\t\t\t\t\t\t\t<div class=\"elementor-widget-wrap\">\n\t\t\t\t\t\t<div class=\"elementor-element elementor-element-9f951dc elementor-widget elementor-widget-text-editor\" data-id=\"9f951dc\" data-element_type=\"widget\" data-widget_type=\"text-editor.default\">\n\t\t\t\t<div class=\"elementor-widget-container\">\n\t\t\t\t\t\t\t\t<div class=\"elementor-text-editor elementor-clearfix\">\n\t\t\t\t<p><strong>chiSign \u2013 Galerie, Atelier und Office in Pullenried 119, 92526 Oberviechtach<\/strong><\/p><p>Willkommen bei chiSign, Ihrem einzigartigen Kompetenzzentrum f\u00fcr energetische Kunst, Erfolgslogos und Erfolgsmarketing. Unser neues Domizil in Pullenried 119 bietet Ihnen eine inspirierende Atmosph\u00e4re, in der Galerie, Atelier und Office zu einer holistischen Einheit verschmelzen.<\/p><p>Unter der Leitung von Michael Bauer-Kempff, dem bekannten &#8249;chiSigner &amp; Logogenialist&#8250;, haben wir das chiSign Competence Concept entwickelt, das drei Hauptbereiche vereint:<\/p><ol><li><p><strong>chiSign Feng Shui Erfolgslogo<\/strong>: Individuell gestaltete Logos, die auf der Numerologie, den Prinzipien des Feng Shui und einer tiefen LO Shu Potentialanalyse basieren. Diese Logos sind energetisch hochschwingend und st\u00e4rken die 9 Lebensfelder des Lo Shu, um Ihre pers\u00f6nlichen und beruflichen Erfolge zu maximieren.<\/p><\/li><li><p><strong>chiSign Erfolgsmarketing<\/strong>: Mit unseren ma\u00dfgeschneiderten Marketingstrategien heben wir Ihr Unternehmen auf die n\u00e4chste Stufe. Unsere Ans\u00e4tze sind darauf ausgerichtet, Ihre einzigartige Essenz und Vision sichtbar zu machen und Ihre Zielgruppen auf energetischer Ebene zu erreichen.<\/p><\/li><li><p><strong>chiSign Feng Shui Bilder<\/strong>: Hochschwingende Kunstwerke, die speziell daf\u00fcr geschaffen sind, die 9 Lebensfelder zu st\u00e4rken. Jedes Bild wird mit 24-kar\u00e4tigem Blattgold veredelt, um die Energie und Wirkung in Wohn- und Arbeitsr\u00e4umen zu maximieren.<\/p><\/li><\/ol><p>In unserem neuen Standort finden Sie eine Galerie, die Ihnen die M\u00f6glichkeit bietet, unsere einzigartigen Kunstwerke hautnah zu erleben. Das Atelier ist der kreative Raum, in dem all unsere Kunstwerke entstehen, und das Office ist der Ort, an dem Beratung und kreative Ideen zusammenflie\u00dfen.<\/p><p>Entdecke \u00a0mit chiSign die Magie der Feng Shui Logos, Feng Shui Kunst und Marketingkonzepte, die nicht nur R\u00e4ume, sondern auch Menschen transformieren.<\/p><p>Ich freue mich auf Dein Leuchtfeuer \u2013 kontaktiere mich gerne unter 01556 110 3853 oder 09677 91 44 580.<\/p>\t\t\t\t\t<\/div>\n\t\t\t\t\t\t<\/div>\n\t\t\t\t<\/div>\n\t\t\t\t<div class=\"elementor-element elementor-element-e723f02 elementor-widget elementor-widget-heading\" data-id=\"e723f02\" data-element_type=\"widget\" data-widget_type=\"heading.default\">\n\t\t\t\t<div class=\"elementor-widget-container\">\n\t\t\t<h1 class=\"elementor-heading-title elementor-size-default\"><span class=\"elementor-heading-title elementor-size-default elementor-inline-editing pen\" data-elementor-setting-key=\"title\" data-pen-placeholder=\"Type Here...\" style=\"font-variant-caps: normal; font-size: 23px; font-style: normal; color: rgb(130, 94, 36); text-align: center;\"><br>Ich helfe Dir Deine Berufung in ein Meisterwerk zu wandeln<\/span><\/h1>\t\t<\/div>\n\t\t\t\t<\/div>\n\t\t\t\t\t\t<\/div>\n\t\t\t\t\t<\/div>\n\t\t<\/div>\n\t\t\t\t\t\t\t\t<\/div>\n\t\t\t\t\t<\/div>\n\t\t<\/section>\n\t\t\t\t<section class=\"elementor-section elementor-top-section elementor-element elementor-element-2def1c8 elementor-section-boxed elementor-section-height-default elementor-section-height-default\" data-id=\"2def1c8\" data-element_type=\"section\">\n\t\t\t\t\t\t<div class=\"elementor-container elementor-column-gap-default\">\n\t\t\t\t\t\t\t<div class=\"elementor-row\">\n\t\t\t\t\t<div class=\"elementor-column elementor-col-50 elementor-top-column elementor-element elementor-element-3f1d263\" data-id=\"3f1d263\" data-element_type=\"column\">\n\t\t\t<div class=\"elementor-column-wrap elementor-element-populated\">\n\t\t\t\t\t\t\t<div class=\"elementor-widget-wrap\">\n\t\t\t\t\t\t<div class=\"elementor-element elementor-element-62ca75f elementor-widget elementor-widget-image\" data-id=\"62ca75f\" data-element_type=\"widget\" data-widget_type=\"image.default\">\n\t\t\t\t<div class=\"elementor-widget-container\">\n\t\t\t\t\t\t\t\t<div class=\"elementor-image\">\n\t\t\t\t\t\t\t\t\t\t\t\t<img width=\"150\" height=\"150\" src=\"http:\/\/quantania.de\/wp-content\/uploads\/2022\/03\/quantania_chiSignlogo_quanteninfo-150x150.png\" class=\"attachment-thumbnail size-thumbnail\" alt=\"\" loading=\"lazy\" srcset=\"http:\/\/quantania.de\/wp-content\/uploads\/2022\/03\/quantania_chiSignlogo_quanteninfo-150x150.png 150w, http:\/\/quantania.de\/wp-content\/uploads\/2022\/03\/quantania_chiSignlogo_quanteninfo-300x300.png 300w, http:\/\/quantania.de\/wp-content\/uploads\/2022\/03\/quantania_chiSignlogo_quanteninfo-1020x1024.png 1020w, http:\/\/quantania.de\/wp-content\/uploads\/2022\/03\/quantania_chiSignlogo_quanteninfo-768x771.png 768w, http:\/\/quantania.de\/wp-content\/uploads\/2022\/03\/quantania_chiSignlogo_quanteninfo.png 1039w\" sizes=\"(max-width: 150px) 100vw, 150px\" \/>\t\t\t\t\t\t\t\t\t\t\t\t\t\t<\/div>\n\t\t\t\t\t\t<\/div>\n\t\t\t\t<\/div>\n\t\t\t\t\t\t<\/div>\n\t\t\t\t\t<\/div>\n\t\t<\/div>\n\t\t\t\t<div class=\"elementor-column elementor-col-50 elementor-top-column elementor-element elementor-element-f83a0e2\" data-id=\"f83a0e2\" data-element_type=\"column\">\n\t\t\t<div class=\"elementor-column-wrap elementor-element-populated\">\n\t\t\t\t\t\t\t<div class=\"elementor-widget-wrap\">\n\t\t\t\t\t\t<div class=\"elementor-element elementor-element-43901af elementor-widget elementor-widget-text-editor\" data-id=\"43901af\" data-element_type=\"widget\" data-widget_type=\"text-editor.default\">\n\t\t\t\t<div class=\"elementor-widget-container\">\n\t\t\t\t\t\t\t\t<div class=\"elementor-text-editor elementor-clearfix\">\n\t\t\t\t<ul><li><p><strong>k\u00f6niglich<\/strong><\/p><\/li><li><p><strong>einzigartig<\/strong><\/p><\/li><li><p><strong>\u00e4sthetisch<\/strong><\/p><\/li><\/ul>\t\t\t\t\t<\/div>\n\t\t\t\t\t\t<\/div>\n\t\t\t\t<\/div>\n\t\t\t\t\t\t<\/div>\n\t\t\t\t\t<\/div>\n\t\t<\/div>\n\t\t\t\t\t\t\t\t<\/div>\n\t\t\t\t\t<\/div>\n\t\t<\/section>\n\t\t\t\t<section class=\"elementor-section elementor-top-section elementor-element elementor-element-3130da5 elementor-section-boxed elementor-section-height-default elementor-section-height-default\" data-id=\"3130da5\" data-element_type=\"section\">\n\t\t\t\t\t\t<div class=\"elementor-container elementor-column-gap-default\">\n\t\t\t\t\t\t\t<div class=\"elementor-row\">\n\t\t\t\t\t<div class=\"elementor-column elementor-col-100 elementor-top-column elementor-element elementor-element-a73bc6a\" data-id=\"a73bc6a\" data-element_type=\"column\">\n\t\t\t<div class=\"elementor-column-wrap elementor-element-populated\">\n\t\t\t\t\t\t\t<div class=\"elementor-widget-wrap\">\n\t\t\t\t\t\t<div class=\"elementor-element elementor-element-3135a63 elementor-widget elementor-widget-heading\" data-id=\"3135a63\" data-element_type=\"widget\" data-widget_type=\"heading.default\">\n\t\t\t\t<div class=\"elementor-widget-container\">\n\t\t\t<h1 class=\"elementor-heading-title elementor-size-default\"><span class=\"elementor-heading-title elementor-size-default elementor-inline-editing pen\" data-elementor-setting-key=\"title\" data-pen-placeholder=\"Type Here...\" style=\"font-variant-caps: normal; font-size: 20px; font-style: normal; color: rgb(130, 94, 36); text-align: center;\">Sichere Dir JETZT Dein kostenloses Beratungsgespr\u00e4ch f\u00fcr ein magnetisches <br>Feng Shui Firmenlogo 015561103853<\/span><\/h1>\t\t<\/div>\n\t\t\t\t<\/div>\n\t\t\t\t\t\t<\/div>\n\t\t\t\t\t<\/div>\n\t\t<\/div>\n\t\t\t\t\t\t\t\t<\/div>\n\t\t\t\t\t<\/div>\n\t\t<\/section>\n\t\t\t\t\t\t<\/div>\n\t\t\t\t\t\t<\/div>\n\t\t\t\t\t<\/div>\n\t\t","protected":false},"excerpt":{"rendered":"<p>http:\/\/quantania.de\/wp-content\/uploads\/2024\/09\/Video-Anzeige-chiSign_feng-Shui.mp4 Das Firmenlogo auf Basis von Feng Shui chiSign \u2013 Galerie, Atelier und Office in Pullenried 119, 92526 Oberviechtach Willkommen bei chiSign, Ihrem einzigartigen Kompetenzzentrum f\u00fcr energetische Kunst, Erfolgslogos und Erfolgsmarketing. Unser neues Domizil in Pullenried 119 bietet Ihnen eine inspirierende Atmosph\u00e4re, in der Galerie, Atelier und Office zu einer holistischen Einheit verschmelzen. Unter der [&hellip;]<\/p>\n","protected":false},"author":1,"featured_media":0,"parent":0,"menu_order":0,"comment_status":"closed","ping_status":"closed","template":"","meta":{"om_disable_all_campaigns":false,"_monsterinsights_skip_tracking":false,"_monsterinsights_sitenote_active":false,"_monsterinsights_sitenote_note":"","_monsterinsights_sitenote_category":0},"_links":{"self":[{"href":"http:\/\/quantania.de\/index.php?rest_route=\/wp\/v2\/pages\/10"}],"collection":[{"href":"http:\/\/quantania.de\/index.php?rest_route=\/wp\/v2\/pages"}],"about":[{"href":"http:\/\/quantania.de\/index.php?rest_route=\/wp\/v2\/types\/page"}],"author":[{"embeddable":true,"href":"http:\/\/quantania.de\/index.php?rest_route=\/wp\/v2\/users\/1"}],"replies":[{"embeddable":true,"href":"http:\/\/quantania.de\/index.php?rest_route=%2Fwp%2Fv2%2Fcomments&post=10"}],"version-history":[{"count":133,"href":"http:\/\/quantania.de\/index.php?rest_route=\/wp\/v2\/pages\/10\/revisions"}],"predecessor-version":[{"id":1072,"href":"http:\/\/quantania.de\/index.php?rest_route=\/wp\/v2\/pages\/10\/revisions\/1072"}],"wp:attachment":[{"href":"http:\/\/quantania.de\/index.php?rest_route=%2Fwp%2Fv2%2Fmedia&parent=10"}],"curies":[{"name":"wp","href":"https:\/\/api.w.org\/{rel}","templated":true}]}}