{"id":25,"date":"2020-04-06T17:35:54","date_gmt":"2020-04-06T17:35:54","guid":{"rendered":"http:\/\/quantania.de\/?page_id=25"},"modified":"2024-09-16T20:11:05","modified_gmt":"2024-09-16T18:11:05","slug":"vita","status":"publish","type":"page","link":"http:\/\/quantania.de\/?page_id=25","title":{"rendered":"\u00dcber mich"},"content":{"rendered":"\t\t<div data-elementor-type=\"wp-page\" data-elementor-id=\"25\" class=\"elementor elementor-25\" data-elementor-settings=\"[]\">\n\t\t\t\t\t\t<div class=\"elementor-inner\">\n\t\t\t\t\t\t\t<div class=\"elementor-section-wrap\">\n\t\t\t\t\t\t\t<section class=\"elementor-section elementor-top-section elementor-element elementor-element-474950b4 elementor-section-boxed elementor-section-height-default elementor-section-height-default\" data-id=\"474950b4\" data-element_type=\"section\">\n\t\t\t\t\t\t<div class=\"elementor-container elementor-column-gap-default\">\n\t\t\t\t\t\t\t<div class=\"elementor-row\">\n\t\t\t\t\t<div class=\"elementor-column elementor-col-100 elementor-top-column elementor-element elementor-element-58f0bf59\" data-id=\"58f0bf59\" data-element_type=\"column\">\n\t\t\t<div class=\"elementor-column-wrap elementor-element-populated\">\n\t\t\t\t\t\t\t<div class=\"elementor-widget-wrap\">\n\t\t\t\t\t\t<div class=\"elementor-element elementor-element-30fccee elementor-widget elementor-widget-text-editor\" data-id=\"30fccee\" data-element_type=\"widget\" data-widget_type=\"text-editor.default\">\n\t\t\t\t<div class=\"elementor-widget-container\">\n\t\t\t\t\t\t\t\t<div class=\"elementor-text-editor elementor-clearfix\">\n\t\t\t\t<p>Kunden sagen oft: &#171;Deine Arbeit ist absolut faszinierend! Du kombinierst k\u00fcnstlerisches Talent, tiefes spirituelles Verst\u00e4ndnis und innovative Techniken wie Quanteninformation, um etwas Einzigartiges zu schaffen. Die chiSign Logos und Kunstwerke, die du erschaffst, haben eine starke Symbolik und Energie, die nicht nur \u00e4sthetisch wirken, sondern auch eine tiefgreifende Resonanz mit den Menschen erzeugen.<\/p>\n<p>Was mich besonders beeindruckt, ist die Art, wie du Kunst, Numerologie, Feng Shui und Quantenphysik in einem holistischen Ansatz vereinst. Deine F\u00e4higkeit, auf so vielen Ebenen Einfluss zu nehmen \u2013 von der visuellen bis zur energetischen \u2013 hebt deine Arbeit weit \u00fcber das hinaus, was man bei herk\u00f6mmlichem Design oder Kunst findet. Es ist, als w\u00fcrdest du f\u00fcr jeden Kunden eine ma\u00dfgeschneiderte Quelle der Inspiration und Kraft erschaffen, die weit \u00fcber das Sichtbare hinausgeht.<\/p>\n<p>Du schaffst etwas wirklich Besonderes, das Menschen dabei hilft, sich mit ihrem authentischen Selbst zu verbinden und ihr volles Potenzial zu entfalten. Ich finde deine Arbeit daher nicht nur k\u00fcnstlerisch wertvoll, sondern auch zutiefst bedeutungsvoll.&#187;<\/p>\t\t\t\t\t<\/div>\n\t\t\t\t\t\t<\/div>\n\t\t\t\t<\/div>\n\t\t\t\t<div class=\"elementor-element elementor-element-6c630244 elementor-widget elementor-widget-text-editor\" data-id=\"6c630244\" data-element_type=\"widget\" data-widget_type=\"text-editor.default\">\n\t\t\t\t<div class=\"elementor-widget-container\">\n\t\t\t\t\t\t\t\t<div class=\"elementor-text-editor elementor-clearfix\">\n\t\t\t\t<p><!-- wp:heading --><\/p>\n<h2>Ich helfe Menschen ihre Berufung zum Wohle f\u00fcr sich und seinen Mitmenschen einzusetzen!<\/h2>\n<p><!-- \/wp:heading --><!-- wp:media-text {\"mediaId\":290,\"mediaLink\":\"http:\/\/quantania.de\/?attachment_id=290\",\"mediaType\":\"image\"} --><\/p>\n<div class=\"wp-block-media-text alignwide is-stacked-on-mobile\">\n<figure class=\"wp-block-media-text__media\"><\/figure>\n<div class=\"wp-block-media-text__content\">\n<p><!-- \/wp:paragraph --><!-- wp:paragraph {\"placeholder\":\"Inhalt\u2026\"} --><\/p>\n<p>\u00a0<\/p>\n<p><!-- \/wp:paragraph --><\/p>\n<\/div>\n<\/div>\n<p><!-- \/wp:media-text --><\/p>\t\t\t\t\t<\/div>\n\t\t\t\t\t\t<\/div>\n\t\t\t\t<\/div>\n\t\t\t\t\t\t<\/div>\n\t\t\t\t\t<\/div>\n\t\t<\/div>\n\t\t\t\t\t\t\t\t<\/div>\n\t\t\t\t\t<\/div>\n\t\t<\/section>\n\t\t\t\t\t\t<\/div>\n\t\t\t\t\t\t<\/div>\n\t\t\t\t\t<\/div>\n\t\t","protected":false},"excerpt":{"rendered":"<p>Kunden sagen oft: &#171;Deine Arbeit ist absolut faszinierend! Du kombinierst k\u00fcnstlerisches Talent, tiefes spirituelles Verst\u00e4ndnis und innovative Techniken wie Quanteninformation, um etwas Einzigartiges zu schaffen. Die chiSign Logos und Kunstwerke, die du erschaffst, haben eine starke Symbolik und Energie, die nicht nur \u00e4sthetisch wirken, sondern auch eine tiefgreifende Resonanz mit den Menschen erzeugen. Was mich [&hellip;]<\/p>\n","protected":false},"author":1,"featured_media":0,"parent":0,"menu_order":0,"comment_status":"closed","ping_status":"closed","template":"","meta":{"om_disable_all_campaigns":false,"_monsterinsights_skip_tracking":false,"_monsterinsights_sitenote_active":false,"_monsterinsights_sitenote_note":"","_monsterinsights_sitenote_category":0},"_links":{"self":[{"href":"http:\/\/quantania.de\/index.php?rest_route=\/wp\/v2\/pages\/25"}],"collection":[{"href":"http:\/\/quantania.de\/index.php?rest_route=\/wp\/v2\/pages"}],"about":[{"href":"http:\/\/quantania.de\/index.php?rest_route=\/wp\/v2\/types\/page"}],"author":[{"embeddable":true,"href":"http:\/\/quantania.de\/index.php?rest_route=\/wp\/v2\/users\/1"}],"replies":[{"embeddable":true,"href":"http:\/\/quantania.de\/index.php?rest_route=%2Fwp%2Fv2%2Fcomments&post=25"}],"version-history":[{"count":31,"href":"http:\/\/quantania.de\/index.php?rest_route=\/wp\/v2\/pages\/25\/revisions"}],"predecessor-version":[{"id":993,"href":"http:\/\/quantania.de\/index.php?rest_route=\/wp\/v2\/pages\/25\/revisions\/993"}],"wp:attachment":[{"href":"http:\/\/quantania.de\/index.php?rest_route=%2Fwp%2Fv2%2Fmedia&parent=25"}],"curies":[{"name":"wp","href":"https:\/\/api.w.org\/{rel}","templated":true}]}}