{"id":261,"date":"2021-05-01T14:31:20","date_gmt":"2021-05-01T12:31:20","guid":{"rendered":"http:\/\/quantania.de\/?page_id=261"},"modified":"2024-09-16T12:57:54","modified_gmt":"2024-09-16T10:57:54","slug":"firmenname","status":"publish","type":"page","link":"http:\/\/quantania.de\/?page_id=261","title":{"rendered":"chiSign Firmenname"},"content":{"rendered":"\t\t<div data-elementor-type=\"wp-page\" data-elementor-id=\"261\" class=\"elementor elementor-261\" data-elementor-settings=\"[]\">\n\t\t\t\t\t\t<div class=\"elementor-inner\">\n\t\t\t\t\t\t\t<div class=\"elementor-section-wrap\">\n\t\t\t\t\t\t\t<section class=\"elementor-section elementor-top-section elementor-element elementor-element-2f6015f elementor-section-boxed elementor-section-height-default elementor-section-height-default\" data-id=\"2f6015f\" data-element_type=\"section\">\n\t\t\t\t\t\t<div class=\"elementor-container elementor-column-gap-default\">\n\t\t\t\t\t\t\t<div class=\"elementor-row\">\n\t\t\t\t\t<div class=\"elementor-column elementor-col-100 elementor-top-column elementor-element elementor-element-39ac235\" data-id=\"39ac235\" data-element_type=\"column\">\n\t\t\t<div class=\"elementor-column-wrap elementor-element-populated\">\n\t\t\t\t\t\t\t<div class=\"elementor-widget-wrap\">\n\t\t\t\t\t\t<div class=\"elementor-element elementor-element-5ebc970 elementor-widget elementor-widget-heading\" data-id=\"5ebc970\" data-element_type=\"widget\" data-widget_type=\"heading.default\">\n\t\t\t\t<div class=\"elementor-widget-container\">\n\t\t\t<h2 class=\"elementor-heading-title elementor-size-default\">chiSign Firmenname \u2013 Der perfekte Name f\u00fcr deinen Erfolg<\/h2>\t\t<\/div>\n\t\t\t\t<\/div>\n\t\t\t\t<div class=\"elementor-element elementor-element-4301c1c elementor-widget elementor-widget-text-editor\" data-id=\"4301c1c\" data-element_type=\"widget\" data-widget_type=\"text-editor.default\">\n\t\t\t\t<div class=\"elementor-widget-container\">\n\t\t\t\t\t\t\t\t<div class=\"elementor-text-editor elementor-clearfix\">\n\t\t\t\t<p>Ein Firmenname ist weit mehr als nur ein Erkennungszeichen \u2013 er tr\u00e4gt ma\u00dfgeblich zur Energie und Ausstrahlung eines Unternehmens bei. Auf Basis deiner Geburtsdaten ermittle ich den stimmigen Firmennamen, der numerologisch die Felder des Lo Shu optimiert und vervollkommnet. Dadurch entsteht ein Name, der nicht nur im Einklang mit deiner individuellen Energie steht, sondern auch die Erfolgspotenziale deines Unternehmens st\u00e4rkt.<\/p><p>Ein passender Claim kann zus\u00e4tzlich helfen, die Botschaft deines Unternehmens zu sch\u00e4rfen und das Gesamtbild abzurunden. Gemeinsam schaffen wir eine kraftvolle und harmonische Grundlage f\u00fcr deine gesch\u00e4ftliche Identit\u00e4t, die sowohl energetisch als auch praktisch voll und ganz auf Erfolg ausgerichtet ist.<\/p>\t\t\t\t\t<\/div>\n\t\t\t\t\t\t<\/div>\n\t\t\t\t<\/div>\n\t\t\t\t\t\t<\/div>\n\t\t\t\t\t<\/div>\n\t\t<\/div>\n\t\t\t\t\t\t\t\t<\/div>\n\t\t\t\t\t<\/div>\n\t\t<\/section>\n\t\t\t\t\t\t<\/div>\n\t\t\t\t\t\t<\/div>\n\t\t\t\t\t<\/div>\n\t\t","protected":false},"excerpt":{"rendered":"<p>chiSign Firmenname \u2013 Der perfekte Name f\u00fcr deinen Erfolg Ein Firmenname ist weit mehr als nur ein Erkennungszeichen \u2013 er tr\u00e4gt ma\u00dfgeblich zur Energie und Ausstrahlung eines Unternehmens bei. Auf Basis deiner Geburtsdaten ermittle ich den stimmigen Firmennamen, der numerologisch die Felder des Lo Shu optimiert und vervollkommnet. Dadurch entsteht ein Name, der nicht nur [&hellip;]<\/p>\n","protected":false},"author":1,"featured_media":0,"parent":0,"menu_order":0,"comment_status":"closed","ping_status":"closed","template":"","meta":{"om_disable_all_campaigns":false,"_monsterinsights_skip_tracking":false,"_monsterinsights_sitenote_active":false,"_monsterinsights_sitenote_note":"","_monsterinsights_sitenote_category":0},"_links":{"self":[{"href":"http:\/\/quantania.de\/index.php?rest_route=\/wp\/v2\/pages\/261"}],"collection":[{"href":"http:\/\/quantania.de\/index.php?rest_route=\/wp\/v2\/pages"}],"about":[{"href":"http:\/\/quantania.de\/index.php?rest_route=\/wp\/v2\/types\/page"}],"author":[{"embeddable":true,"href":"http:\/\/quantania.de\/index.php?rest_route=\/wp\/v2\/users\/1"}],"replies":[{"embeddable":true,"href":"http:\/\/quantania.de\/index.php?rest_route=%2Fwp%2Fv2%2Fcomments&post=261"}],"version-history":[{"count":8,"href":"http:\/\/quantania.de\/index.php?rest_route=\/wp\/v2\/pages\/261\/revisions"}],"predecessor-version":[{"id":818,"href":"http:\/\/quantania.de\/index.php?rest_route=\/wp\/v2\/pages\/261\/revisions\/818"}],"wp:attachment":[{"href":"http:\/\/quantania.de\/index.php?rest_route=%2Fwp%2Fv2%2Fmedia&parent=261"}],"curies":[{"name":"wp","href":"https:\/\/api.w.org\/{rel}","templated":true}]}}