{"id":724,"date":"2024-09-16T10:38:11","date_gmt":"2024-09-16T08:38:11","guid":{"rendered":"http:\/\/quantania.de\/?page_id=724"},"modified":"2024-09-16T12:58:28","modified_gmt":"2024-09-16T10:58:28","slug":"chisign-buddha-bilder","status":"publish","type":"page","link":"http:\/\/quantania.de\/?page_id=724","title":{"rendered":"chiSign Buddha-Bilder"},"content":{"rendered":"\t\t<div data-elementor-type=\"wp-page\" data-elementor-id=\"724\" class=\"elementor elementor-724\" data-elementor-settings=\"[]\">\n\t\t\t\t\t\t<div class=\"elementor-inner\">\n\t\t\t\t\t\t\t<div class=\"elementor-section-wrap\">\n\t\t\t\t\t\t\t<section class=\"elementor-section elementor-top-section elementor-element elementor-element-d1ba252 elementor-section-boxed elementor-section-height-default elementor-section-height-default\" data-id=\"d1ba252\" data-element_type=\"section\">\n\t\t\t\t\t\t<div class=\"elementor-container elementor-column-gap-default\">\n\t\t\t\t\t\t\t<div class=\"elementor-row\">\n\t\t\t\t\t<div class=\"elementor-column elementor-col-100 elementor-top-column elementor-element elementor-element-9f917b6\" data-id=\"9f917b6\" data-element_type=\"column\">\n\t\t\t<div class=\"elementor-column-wrap elementor-element-populated\">\n\t\t\t\t\t\t\t<div class=\"elementor-widget-wrap\">\n\t\t\t\t\t\t<div class=\"elementor-element elementor-element-e2f88f2 elementor-widget elementor-widget-heading\" data-id=\"e2f88f2\" data-element_type=\"widget\" data-widget_type=\"heading.default\">\n\t\t\t\t<div class=\"elementor-widget-container\">\n\t\t\t<h2 class=\"elementor-heading-title elementor-size-default\">\ud83c\udf1f Die Energien der Buddhas: Wegweiser zu deinem wahren Potenzial \ud83c\udf1f<\/h2>\t\t<\/div>\n\t\t\t\t<\/div>\n\t\t\t\t<div class=\"elementor-element elementor-element-34706ac elementor-widget elementor-widget-image\" data-id=\"34706ac\" data-element_type=\"widget\" data-widget_type=\"image.default\">\n\t\t\t\t<div class=\"elementor-widget-container\">\n\t\t\t\t\t\t\t\t<div class=\"elementor-image\">\n\t\t\t\t\t\t\t\t\t\t\t\t<img width=\"575\" height=\"575\" src=\"http:\/\/quantania.de\/wp-content\/uploads\/2024\/09\/BilderIV.jpg\" class=\"attachment-large size-large\" alt=\"\" loading=\"lazy\" srcset=\"http:\/\/quantania.de\/wp-content\/uploads\/2024\/09\/BilderIV.jpg 575w, http:\/\/quantania.de\/wp-content\/uploads\/2024\/09\/BilderIV-300x300.jpg 300w, http:\/\/quantania.de\/wp-content\/uploads\/2024\/09\/BilderIV-150x150.jpg 150w\" sizes=\"(max-width: 575px) 100vw, 575px\" \/>\t\t\t\t\t\t\t\t\t\t\t\t\t\t<\/div>\n\t\t\t\t\t\t<\/div>\n\t\t\t\t<\/div>\n\t\t\t\t<div class=\"elementor-element elementor-element-5e507a7 elementor-widget elementor-widget-text-editor\" data-id=\"5e507a7\" data-element_type=\"widget\" data-widget_type=\"text-editor.default\">\n\t\t\t\t<div class=\"elementor-widget-container\">\n\t\t\t\t\t\t\t\t<div class=\"elementor-text-editor elementor-clearfix\">\n\t\t\t\t<p>In einer Welt, die von der Dichte der 3D-Realit\u00e4t gepr\u00e4gt ist, bieten die Buddhas kraftvolle Energien, die den Weg zu mehr Harmonie und Erleuchtung ebnen. Jede Buddha-Energie tr\u00e4gt eine eigene Schwingung und st\u00e4rkt ein spezifisches Lebensfeld des LO SHU. Meine chiSign-Buddha-Bilder sind nicht nur Kunstwerke \u2013 sie sind Tore zu erh\u00f6hter Frequenz, zur Entfaltung deines vollen Potenzials und zu tiefem inneren Frieden.<\/p><p>\ud83d\udd39 <strong>Blauer Buddha<\/strong> \u2013 Ruhe &amp; Klarheit (Lebensfeld 1: Karriere): St\u00e4rkt die Weisheit und bringt innere Klarheit f\u00fcr deine berufliche Vision.<\/p><p>\ud83d\udd39 <strong>Gr\u00fcner Buddha<\/strong> \u2013 Heilung &amp; Wachstum (Lebensfeld 3: Familie): F\u00f6rdert das Gleichgewicht und die Heilung in Beziehungen, unterst\u00fctzt pers\u00f6nliches Wachstum.<\/p><p>\ud83d\udd39 <strong>Roter Buddha<\/strong> \u2013 Liebe &amp; Leidenschaft (Lebensfeld 9: Ruhm): Entfacht die Leidenschaft und st\u00e4rkt das Feuer der Liebe \u2013 bringe dein Licht in die Welt!<\/p><p>\ud83d\udd39 <strong>Goldener Buddha<\/strong> \u2013 Bewusstsein &amp; F\u00fclle (Lebensfeld 4: Reichtum): Repr\u00e4sentiert das pure Bewusstsein und die kosmische F\u00fclle. Erlaube dir, F\u00fclle in dein Leben zu ziehen.<\/p><p>\ud83d\udd39 <strong>Gelber Buddha<\/strong> \u2013 Freude &amp; Erleuchtung (Lebensfeld 2: Partnerschaft): Strahlt die Energie der Freude aus und f\u00f6rdert das spirituelle Wachstum in deiner Partnerschaft.<\/p><p>\ud83d\udd39 <strong>Schwarzer Buddha<\/strong> \u2013 Schutz &amp; Transformation (Lebensfeld 6: Selbst): Bringt tiefe Transformation und Schutz \u2013 der Schl\u00fcssel zur wahren Selbsterkenntnis.<\/p><p>\ud83d\udd39 <strong>Wei\u00dfer Buddha<\/strong> \u2013 Reinheit &amp; Erleuchtung (Lebensfeld 7: Kinder): Symbolisiert Reinheit und Klarheit, \u00f6ffnet das Tor f\u00fcr kreativen Ausdruck und neue Anf\u00e4nge.<\/p><p>\ud83d\udd39 <strong>Lila Buddha<\/strong> \u2013 Intuition &amp; Spiritualit\u00e4t (Lebensfeld: Wissen): Erh\u00f6ht deine spirituelle Schwingung und st\u00e4rkt den Zugang zu intuitivem Wissen.<\/p><p>\ud83d\udd39 <strong>Magenta Buddha<\/strong> \u2013 Transformation &amp; bedingungslose Liebe<\/p><p>Jedes meiner chiSign-Buddha-Bilder ist ein Meisterwerk der Schwingungserh\u00f6hung, erschaffen, um die Energien der Buddhas in dein Zuhause zu bringen und die 9 Lebensfelder zu aktivieren. Diese Kunstwerke gehen weit \u00fcber \u00e4sthetische Sch\u00f6nheit hinaus \u2013 sie sind Frequenzverst\u00e4rker, die deinen Raum harmonisieren und dich dabei unterst\u00fctzen, das Dilemma der 3D-Welt zu \u00fcberwinden.<\/p><p>\u2728 <strong>Bist du bereit, den n\u00e4chsten Schritt auf deinem spirituellen Weg zu gehen?<\/strong> Meine Bilder helfen dir, deine Schwingung zu erh\u00f6hen und die Energie der Buddhas in dein Leben zu integrieren.<\/p>\t\t\t\t\t<\/div>\n\t\t\t\t\t\t<\/div>\n\t\t\t\t<\/div>\n\t\t\t\t\t\t<\/div>\n\t\t\t\t\t<\/div>\n\t\t<\/div>\n\t\t\t\t\t\t\t\t<\/div>\n\t\t\t\t\t<\/div>\n\t\t<\/section>\n\t\t\t\t\t\t<\/div>\n\t\t\t\t\t\t<\/div>\n\t\t\t\t\t<\/div>\n\t\t","protected":false},"excerpt":{"rendered":"<p>&#x1f31f; Die Energien der Buddhas: Wegweiser zu deinem wahren Potenzial &#x1f31f; In einer Welt, die von der Dichte der 3D-Realit\u00e4t gepr\u00e4gt ist, bieten die Buddhas kraftvolle Energien, die den Weg zu mehr Harmonie und Erleuchtung ebnen. Jede Buddha-Energie tr\u00e4gt eine eigene Schwingung und st\u00e4rkt ein spezifisches Lebensfeld des LO SHU. Meine chiSign-Buddha-Bilder sind nicht nur [&hellip;]<\/p>\n","protected":false},"author":1,"featured_media":0,"parent":0,"menu_order":0,"comment_status":"closed","ping_status":"closed","template":"","meta":{"om_disable_all_campaigns":false,"_monsterinsights_skip_tracking":false,"_monsterinsights_sitenote_active":false,"_monsterinsights_sitenote_note":"","_monsterinsights_sitenote_category":0},"_links":{"self":[{"href":"http:\/\/quantania.de\/index.php?rest_route=\/wp\/v2\/pages\/724"}],"collection":[{"href":"http:\/\/quantania.de\/index.php?rest_route=\/wp\/v2\/pages"}],"about":[{"href":"http:\/\/quantania.de\/index.php?rest_route=\/wp\/v2\/types\/page"}],"author":[{"embeddable":true,"href":"http:\/\/quantania.de\/index.php?rest_route=\/wp\/v2\/users\/1"}],"replies":[{"embeddable":true,"href":"http:\/\/quantania.de\/index.php?rest_route=%2Fwp%2Fv2%2Fcomments&post=724"}],"version-history":[{"count":7,"href":"http:\/\/quantania.de\/index.php?rest_route=\/wp\/v2\/pages\/724\/revisions"}],"predecessor-version":[{"id":821,"href":"http:\/\/quantania.de\/index.php?rest_route=\/wp\/v2\/pages\/724\/revisions\/821"}],"wp:attachment":[{"href":"http:\/\/quantania.de\/index.php?rest_route=%2Fwp%2Fv2%2Fmedia&parent=724"}],"curies":[{"name":"wp","href":"https:\/\/api.w.org\/{rel}","templated":true}]}}