{"id":727,"date":"2024-09-16T10:41:54","date_gmt":"2024-09-16T08:41:54","guid":{"rendered":"http:\/\/quantania.de\/?page_id=727"},"modified":"2024-09-16T12:58:51","modified_gmt":"2024-09-16T10:58:51","slug":"chisign-elemente-bilder","status":"publish","type":"page","link":"http:\/\/quantania.de\/?page_id=727","title":{"rendered":"chiSign Elemente-Bilder"},"content":{"rendered":"\t\t<div data-elementor-type=\"wp-page\" data-elementor-id=\"727\" class=\"elementor elementor-727\" data-elementor-settings=\"[]\">\n\t\t\t\t\t\t<div class=\"elementor-inner\">\n\t\t\t\t\t\t\t<div class=\"elementor-section-wrap\">\n\t\t\t\t\t\t\t<section class=\"elementor-section elementor-top-section elementor-element elementor-element-8e2055d elementor-section-boxed elementor-section-height-default elementor-section-height-default\" data-id=\"8e2055d\" data-element_type=\"section\">\n\t\t\t\t\t\t<div class=\"elementor-container elementor-column-gap-default\">\n\t\t\t\t\t\t\t<div class=\"elementor-row\">\n\t\t\t\t\t<div class=\"elementor-column elementor-col-100 elementor-top-column elementor-element elementor-element-1f5fdc5\" data-id=\"1f5fdc5\" data-element_type=\"column\">\n\t\t\t<div class=\"elementor-column-wrap elementor-element-populated\">\n\t\t\t\t\t\t\t<div class=\"elementor-widget-wrap\">\n\t\t\t\t\t\t<div class=\"elementor-element elementor-element-95b5ab6 elementor-widget elementor-widget-heading\" data-id=\"95b5ab6\" data-element_type=\"widget\" data-widget_type=\"heading.default\">\n\t\t\t\t<div class=\"elementor-widget-container\">\n\t\t\t<h2 class=\"elementor-heading-title elementor-size-default\">chiSign Elemente Bilder \u2013 Kraftvolle Kunst f\u00fcr deine Lebensfelder<\/h2>\t\t<\/div>\n\t\t\t\t<\/div>\n\t\t\t\t<div class=\"elementor-element elementor-element-25f299d elementor-widget elementor-widget-image\" data-id=\"25f299d\" data-element_type=\"widget\" data-widget_type=\"image.default\">\n\t\t\t\t<div class=\"elementor-widget-container\">\n\t\t\t\t\t\t\t\t<div class=\"elementor-image\">\n\t\t\t\t\t\t\t\t\t\t\t\t<img width=\"575\" height=\"575\" src=\"http:\/\/quantania.de\/wp-content\/uploads\/2024\/09\/BilderII.jpg\" class=\"attachment-large size-large\" alt=\"\" loading=\"lazy\" srcset=\"http:\/\/quantania.de\/wp-content\/uploads\/2024\/09\/BilderII.jpg 575w, http:\/\/quantania.de\/wp-content\/uploads\/2024\/09\/BilderII-300x300.jpg 300w, http:\/\/quantania.de\/wp-content\/uploads\/2024\/09\/BilderII-150x150.jpg 150w\" sizes=\"(max-width: 575px) 100vw, 575px\" \/>\t\t\t\t\t\t\t\t\t\t\t\t\t\t<\/div>\n\t\t\t\t\t\t<\/div>\n\t\t\t\t<\/div>\n\t\t\t\t<div class=\"elementor-element elementor-element-446353d elementor-arrows-position-inside elementor-pagination-position-outside elementor-widget elementor-widget-image-carousel\" data-id=\"446353d\" data-element_type=\"widget\" data-settings=\"{&quot;navigation&quot;:&quot;both&quot;,&quot;autoplay&quot;:&quot;yes&quot;,&quot;pause_on_hover&quot;:&quot;yes&quot;,&quot;pause_on_interaction&quot;:&quot;yes&quot;,&quot;autoplay_speed&quot;:5000,&quot;infinite&quot;:&quot;yes&quot;,&quot;speed&quot;:500}\" data-widget_type=\"image-carousel.default\">\n\t\t\t\t<div class=\"elementor-widget-container\">\n\t\t\t\t\t<div class=\"elementor-image-carousel-wrapper swiper-container\" dir=\"ltr\">\n\t\t\t<div class=\"elementor-image-carousel swiper-wrapper\">\n\t\t\t\t\t\t\t\t<div class=\"swiper-slide\"><figure class=\"swiper-slide-inner\"><img class=\"swiper-slide-image\" src=\"http:\/\/quantania.de\/wp-content\/uploads\/2024\/09\/BilderVI.jpg\" alt=\"Lo Shu\" \/><\/figure><\/div><div class=\"swiper-slide\"><figure class=\"swiper-slide-inner\"><img class=\"swiper-slide-image\" src=\"http:\/\/quantania.de\/wp-content\/uploads\/2024\/09\/BilderII.jpg\" alt=\"BilderII\" \/><\/figure><\/div>\t\t\t<\/div>\n\t\t\t\t\t\t\t\t\t\t\t\t<div class=\"swiper-pagination\"><\/div>\n\t\t\t\t\t\t\t\t\t\t\t\t\t<div class=\"elementor-swiper-button elementor-swiper-button-prev\">\n\t\t\t\t\t\t<i aria-hidden=\"true\" class=\"eicon-chevron-left\"><\/i>\t\t\t\t\t\t<span class=\"elementor-screen-only\">Zur\u00fcck<\/span>\n\t\t\t\t\t<\/div>\n\t\t\t\t\t<div class=\"elementor-swiper-button elementor-swiper-button-next\">\n\t\t\t\t\t\t<i aria-hidden=\"true\" class=\"eicon-chevron-right\"><\/i>\t\t\t\t\t\t<span class=\"elementor-screen-only\">Weiter<\/span>\n\t\t\t\t\t<\/div>\n\t\t\t\t\t\t\t\t\t<\/div>\n\t\t\t\t<\/div>\n\t\t\t\t<\/div>\n\t\t\t\t<div class=\"elementor-element elementor-element-dd99a99 elementor-widget elementor-widget-text-editor\" data-id=\"dd99a99\" data-element_type=\"widget\" data-widget_type=\"text-editor.default\">\n\t\t\t\t<div class=\"elementor-widget-container\">\n\t\t\t\t\t\t\t\t<div class=\"elementor-text-editor elementor-clearfix\">\n\t\t\t\t<p>In meiner chiSign Elemente Serie habe ich 9 hochschwingende Bilder erschaffen, die jedem der 9 Lebensfelder des Lo Shu zugeordnet sind. Jedes Bild repr\u00e4sentiert eines der f\u00fcnf Elemente \u2013 Holz, Feuer, Erde, Metall und Wasser \u2013 und ist so gestaltet, dass es die jeweilige Energie des zugeordneten Lebensbereichs verst\u00e4rkt.<\/p><p>Diese kraftvollen Kunstwerke dienen nicht nur als \u00e4sthetischer Blickfang, sondern sind speziell darauf ausgerichtet, die Energien in deinem Raum zu harmonisieren und zu aktivieren. Ob es darum geht, mehr F\u00fclle in den Bereich des Wohlstands zu bringen, Beziehungen zu st\u00e4rken oder die pers\u00f6nliche Gesundheit zu f\u00f6rdern \u2013 jedes Bild der chiSign Elemente Serie tr\u00e4gt dazu bei, die entsprechenden Lebensfelder zu unterst\u00fctzen und auszubalancieren.<\/p><p>Durch die Kombination der uralten Weisheit des Feng Shui und meiner intuitiven Kunst sind diese Bilder nicht nur dekorativ, sondern energetisch wirksam und f\u00f6rderlich f\u00fcr ein Leben im Einklang.<\/p>\t\t\t\t\t<\/div>\n\t\t\t\t\t\t<\/div>\n\t\t\t\t<\/div>\n\t\t\t\t\t\t<\/div>\n\t\t\t\t\t<\/div>\n\t\t<\/div>\n\t\t\t\t\t\t\t\t<\/div>\n\t\t\t\t\t<\/div>\n\t\t<\/section>\n\t\t\t\t\t\t<\/div>\n\t\t\t\t\t\t<\/div>\n\t\t\t\t\t<\/div>\n\t\t","protected":false},"excerpt":{"rendered":"<p>chiSign Elemente Bilder \u2013 Kraftvolle Kunst f\u00fcr deine Lebensfelder Zur\u00fcck Weiter In meiner chiSign Elemente Serie habe ich 9 hochschwingende Bilder erschaffen, die jedem der 9 Lebensfelder des Lo Shu zugeordnet sind. Jedes Bild repr\u00e4sentiert eines der f\u00fcnf Elemente \u2013 Holz, Feuer, Erde, Metall und Wasser \u2013 und ist so gestaltet, dass es die jeweilige [&hellip;]<\/p>\n","protected":false},"author":1,"featured_media":0,"parent":0,"menu_order":0,"comment_status":"closed","ping_status":"closed","template":"","meta":{"om_disable_all_campaigns":false,"_monsterinsights_skip_tracking":false,"_monsterinsights_sitenote_active":false,"_monsterinsights_sitenote_note":"","_monsterinsights_sitenote_category":0},"_links":{"self":[{"href":"http:\/\/quantania.de\/index.php?rest_route=\/wp\/v2\/pages\/727"}],"collection":[{"href":"http:\/\/quantania.de\/index.php?rest_route=\/wp\/v2\/pages"}],"about":[{"href":"http:\/\/quantania.de\/index.php?rest_route=\/wp\/v2\/types\/page"}],"author":[{"embeddable":true,"href":"http:\/\/quantania.de\/index.php?rest_route=\/wp\/v2\/users\/1"}],"replies":[{"embeddable":true,"href":"http:\/\/quantania.de\/index.php?rest_route=%2Fwp%2Fv2%2Fcomments&post=727"}],"version-history":[{"count":13,"href":"http:\/\/quantania.de\/index.php?rest_route=\/wp\/v2\/pages\/727\/revisions"}],"predecessor-version":[{"id":824,"href":"http:\/\/quantania.de\/index.php?rest_route=\/wp\/v2\/pages\/727\/revisions\/824"}],"wp:attachment":[{"href":"http:\/\/quantania.de\/index.php?rest_route=%2Fwp%2Fv2%2Fmedia&parent=727"}],"curies":[{"name":"wp","href":"https:\/\/api.w.org\/{rel}","templated":true}]}}