{"id":730,"date":"2024-09-16T10:43:50","date_gmt":"2024-09-16T08:43:50","guid":{"rendered":"http:\/\/quantania.de\/?page_id=730"},"modified":"2024-09-16T12:19:05","modified_gmt":"2024-09-16T10:19:05","slug":"chisign-tara-bilder","status":"publish","type":"page","link":"http:\/\/quantania.de\/?page_id=730","title":{"rendered":"chiSign Tara-Bilder"},"content":{"rendered":"\t\t<div data-elementor-type=\"wp-page\" data-elementor-id=\"730\" class=\"elementor elementor-730\" data-elementor-settings=\"[]\">\n\t\t\t\t\t\t<div class=\"elementor-inner\">\n\t\t\t\t\t\t\t<div class=\"elementor-section-wrap\">\n\t\t\t\t\t\t\t<section class=\"elementor-section elementor-top-section elementor-element elementor-element-55d575f elementor-section-boxed elementor-section-height-default elementor-section-height-default\" data-id=\"55d575f\" data-element_type=\"section\">\n\t\t\t\t\t\t<div class=\"elementor-container elementor-column-gap-default\">\n\t\t\t\t\t\t\t<div class=\"elementor-row\">\n\t\t\t\t\t<div class=\"elementor-column elementor-col-100 elementor-top-column elementor-element elementor-element-7f6fa1f\" data-id=\"7f6fa1f\" data-element_type=\"column\">\n\t\t\t<div class=\"elementor-column-wrap elementor-element-populated\">\n\t\t\t\t\t\t\t<div class=\"elementor-widget-wrap\">\n\t\t\t\t\t\t<div class=\"elementor-element elementor-element-002567f elementor-widget elementor-widget-heading\" data-id=\"002567f\" data-element_type=\"widget\" data-widget_type=\"heading.default\">\n\t\t\t\t<div class=\"elementor-widget-container\">\n\t\t\t<h2 class=\"elementor-heading-title elementor-size-default\"> Entdecke meine neue Feng Shui Tara- Serie! <\/h2>\t\t<\/div>\n\t\t\t\t<\/div>\n\t\t\t\t<div class=\"elementor-element elementor-element-041a0d7 elementor-widget elementor-widget-text-editor\" data-id=\"041a0d7\" data-element_type=\"widget\" data-widget_type=\"text-editor.default\">\n\t\t\t\t<div class=\"elementor-widget-container\">\n\t\t\t\t\t\t\t\t<div class=\"elementor-text-editor elementor-clearfix\">\n\t\t\t\t<div class=\"xdj266r x11i5rnm xat24cr x1mh8g0r x1vvkbs x126k92a\"><div dir=\"auto\">Inspiriert von den 9 Erfolgsfeldern des LO SHU habe ich eine einzigartige Kunstserie geschaffen, die jedes Feld mit speziell abgestimmten Farben der 5 Elemente unterst\u00fctzt. <span class=\"html-span xexx8yu x4uap5 x18d9i69 xkhd6sd x1hl2dhg x16tdsg8 x1vvkbs x3nfvp2 x1j61x8r x1fcty0u xdj266r xat24cr xgzva0m xhhsvwb xxymvpz xlup9mm x1kky2od\"><img loading=\"lazy\" class=\"xz74otr\" src=\"https:\/\/static.xx.fbcdn.net\/images\/emoji.php\/v9\/t75\/2\/16\/2728.png\" alt=\"\u2728\" width=\"16\" height=\"16\" \/><\/span> Jedes der 9 Motive ist nicht nur ein Kunstwerk, sondern auch ein kraftvolles Feng Shui Werkzeug, das gezielt die Energie deines Lebens st\u00e4rkt.<\/div><\/div><div class=\"x11i5rnm xat24cr x1mh8g0r x1vvkbs xtlvy1s x126k92a\"><div dir=\"auto\">Die Bilder sind in den idealen Feng Shui Ma\u00dfen gehalten und stehen symbolisch f\u00fcr Wohlstand und Reichtum. F\u00fcr eine besondere energetische Verst\u00e4rkung arbeite ich mit hochwertigen Acrylfarben und veredle jedes Kunstwerk mit 24-Karat Blattgold \u2013 das ultimative Symbol f\u00fcr Bewusstsein und Erleuchtung.<\/div><\/div><div class=\"x11i5rnm xat24cr x1mh8g0r x1vvkbs xtlvy1s x126k92a\"><div dir=\"auto\">Lass dich von der kraftvollen Energie dieser Kunstwerke inspirieren und finde das Bild, das dein Zuhause oder deinen Arbeitsplatz bereichern wird.<\/div><\/div>\t\t\t\t\t<\/div>\n\t\t\t\t\t\t<\/div>\n\t\t\t\t<\/div>\n\t\t\t\t<div class=\"elementor-element elementor-element-2e94162 elementor-widget elementor-widget-image\" data-id=\"2e94162\" data-element_type=\"widget\" data-widget_type=\"image.default\">\n\t\t\t\t<div class=\"elementor-widget-container\">\n\t\t\t\t\t\t\t\t<div class=\"elementor-image\">\n\t\t\t\t\t\t\t\t\t\t\t\t<img width=\"575\" height=\"575\" src=\"http:\/\/quantania.de\/wp-content\/uploads\/2024\/09\/BilderV.png\" class=\"attachment-large size-large\" alt=\"\" loading=\"lazy\" srcset=\"http:\/\/quantania.de\/wp-content\/uploads\/2024\/09\/BilderV.png 575w, http:\/\/quantania.de\/wp-content\/uploads\/2024\/09\/BilderV-300x300.png 300w, http:\/\/quantania.de\/wp-content\/uploads\/2024\/09\/BilderV-150x150.png 150w\" sizes=\"(max-width: 575px) 100vw, 575px\" \/>\t\t\t\t\t\t\t\t\t\t\t\t\t\t<\/div>\n\t\t\t\t\t\t<\/div>\n\t\t\t\t<\/div>\n\t\t\t\t\t\t<\/div>\n\t\t\t\t\t<\/div>\n\t\t<\/div>\n\t\t\t\t\t\t\t\t<\/div>\n\t\t\t\t\t<\/div>\n\t\t<\/section>\n\t\t\t\t\t\t<\/div>\n\t\t\t\t\t\t<\/div>\n\t\t\t\t\t<\/div>\n\t\t","protected":false},"excerpt":{"rendered":"<p>Entdecke meine neue Feng Shui Tara- Serie! Inspiriert von den 9 Erfolgsfeldern des LO SHU habe ich eine einzigartige Kunstserie geschaffen, die jedes Feld mit speziell abgestimmten Farben der 5 Elemente unterst\u00fctzt. Jedes der 9 Motive ist nicht nur ein Kunstwerk, sondern auch ein kraftvolles Feng Shui Werkzeug, das gezielt die Energie deines Lebens st\u00e4rkt.Die [&hellip;]<\/p>\n","protected":false},"author":1,"featured_media":0,"parent":0,"menu_order":0,"comment_status":"closed","ping_status":"closed","template":"","meta":{"om_disable_all_campaigns":false,"_monsterinsights_skip_tracking":false,"_monsterinsights_sitenote_active":false,"_monsterinsights_sitenote_note":"","_monsterinsights_sitenote_category":0},"_links":{"self":[{"href":"http:\/\/quantania.de\/index.php?rest_route=\/wp\/v2\/pages\/730"}],"collection":[{"href":"http:\/\/quantania.de\/index.php?rest_route=\/wp\/v2\/pages"}],"about":[{"href":"http:\/\/quantania.de\/index.php?rest_route=\/wp\/v2\/types\/page"}],"author":[{"embeddable":true,"href":"http:\/\/quantania.de\/index.php?rest_route=\/wp\/v2\/users\/1"}],"replies":[{"embeddable":true,"href":"http:\/\/quantania.de\/index.php?rest_route=%2Fwp%2Fv2%2Fcomments&post=730"}],"version-history":[{"count":4,"href":"http:\/\/quantania.de\/index.php?rest_route=\/wp\/v2\/pages\/730\/revisions"}],"predecessor-version":[{"id":784,"href":"http:\/\/quantania.de\/index.php?rest_route=\/wp\/v2\/pages\/730\/revisions\/784"}],"wp:attachment":[{"href":"http:\/\/quantania.de\/index.php?rest_route=%2Fwp%2Fv2%2Fmedia&parent=730"}],"curies":[{"name":"wp","href":"https:\/\/api.w.org\/{rel}","templated":true}]}}