{"id":739,"date":"2024-09-16T11:01:01","date_gmt":"2024-09-16T09:01:01","guid":{"rendered":"http:\/\/quantania.de\/?page_id=739"},"modified":"2024-09-16T16:18:07","modified_gmt":"2024-09-16T14:18:07","slug":"chisign-lo-shu","status":"publish","type":"page","link":"http:\/\/quantania.de\/?page_id=739","title":{"rendered":"chiSign LO SHU"},"content":{"rendered":"\t\t<div data-elementor-type=\"wp-page\" data-elementor-id=\"739\" class=\"elementor elementor-739\" data-elementor-settings=\"[]\">\n\t\t\t\t\t\t<div class=\"elementor-inner\">\n\t\t\t\t\t\t\t<div class=\"elementor-section-wrap\">\n\t\t\t\t\t\t\t<section class=\"elementor-section elementor-top-section elementor-element elementor-element-0de9993 elementor-section-boxed elementor-section-height-default elementor-section-height-default\" data-id=\"0de9993\" data-element_type=\"section\">\n\t\t\t\t\t\t<div class=\"elementor-container elementor-column-gap-default\">\n\t\t\t\t\t\t\t<div class=\"elementor-row\">\n\t\t\t\t\t<div class=\"elementor-column elementor-col-100 elementor-top-column elementor-element elementor-element-b3c0803\" data-id=\"b3c0803\" data-element_type=\"column\">\n\t\t\t<div class=\"elementor-column-wrap elementor-element-populated\">\n\t\t\t\t\t\t\t<div class=\"elementor-widget-wrap\">\n\t\t\t\t\t\t<div class=\"elementor-element elementor-element-91ed0e5 elementor-widget elementor-widget-image\" data-id=\"91ed0e5\" data-element_type=\"widget\" data-widget_type=\"image.default\">\n\t\t\t\t<div class=\"elementor-widget-container\">\n\t\t\t\t\t\t\t\t<div class=\"elementor-image\">\n\t\t\t\t\t\t\t\t\t\t\t\t<img width=\"575\" height=\"575\" src=\"http:\/\/quantania.de\/wp-content\/uploads\/2024\/09\/BilderVI.jpg\" class=\"attachment-large size-large\" alt=\"\" loading=\"lazy\" srcset=\"http:\/\/quantania.de\/wp-content\/uploads\/2024\/09\/BilderVI.jpg 575w, http:\/\/quantania.de\/wp-content\/uploads\/2024\/09\/BilderVI-300x300.jpg 300w, http:\/\/quantania.de\/wp-content\/uploads\/2024\/09\/BilderVI-150x150.jpg 150w\" sizes=\"(max-width: 575px) 100vw, 575px\" \/>\t\t\t\t\t\t\t\t\t\t\t\t\t\t<\/div>\n\t\t\t\t\t\t<\/div>\n\t\t\t\t<\/div>\n\t\t\t\t<div class=\"elementor-element elementor-element-5b49a1c elementor-widget elementor-widget-heading\" data-id=\"5b49a1c\" data-element_type=\"widget\" data-widget_type=\"heading.default\">\n\t\t\t\t<div class=\"elementor-widget-container\">\n\t\t\t<h2 class=\"elementor-heading-title elementor-size-default\">chiSign LO SHU \u2013 Die Kraft der 9 Lebensfelder<\/h2>\t\t<\/div>\n\t\t\t\t<\/div>\n\t\t\t\t<div class=\"elementor-element elementor-element-d0ca0ad elementor-widget elementor-widget-text-editor\" data-id=\"d0ca0ad\" data-element_type=\"widget\" data-widget_type=\"text-editor.default\">\n\t\t\t\t<div class=\"elementor-widget-container\">\n\t\t\t\t\t\t\t\t<div class=\"elementor-text-editor elementor-clearfix\">\n\t\t\t\t<p>Das LOSHU wird \u00fcber die Daten des Kunden (Geburtsdatum, Geburtsstunde, Vornamen, Familienname, Geburtname und ggf. Firmenname) ermittelt. Das LOSHU ist eine&nbsp;<span data-wakoopa-seen=\"true\">uralte Methode aus dem Taoismus und wird auch oft f\u00fcr die Feng-Shui Beratung und bei vielen Firmen in Asien zur Einstellung von Mitarbeitern hinzugezogen.&nbsp;<\/span><span data-wakoopa-seen=\"true\">Das LOSHU ist eine umfassende numerlogische Potentialanalyse, auf dessen Basis Farben, Formen enthalten und ggf. viele weitere Elemente herausgelesen werden k\u00f6nnen, um die Gestaltung zu verfeinern.&nbsp;<\/span><span style=\"font-family: Roboto, sans-serif; font-size: 14px; font-style: normal; font-variant-caps: normal; color: var( --e-global-color-text ); letter-spacing: 1.2px;\">Bei der chiSign Logoerstellung bildet das LOSHU eine wichtige Grundlage.<\/span><\/p>\n<p>Das Lo Shu ist ein uraltes &nbsp;Symbol, das die Energie in neun zentrale Lebensbereiche aufteilt, darunter Karriere, Erfolg, gute Beziehungen, Gesundheit und Wohlstand. Es bildet die Basis f\u00fcr Feng Shui und hilft dabei, Lebens- und Arbeitsr\u00e4ume energetisch zu harmonisieren.Dazu gibt es die wunderbaren hochschwingenden chiSign Feng-Shui Bilder.<\/p>\n<p>Mein chiSign LO SHU Konzept f\u00fcr die Logo Erstellung geht jedoch noch einen Schritt weiter: Auf Basis Deiner Geburtsdaten, Geburtsstunde und deines Namens erstelle ich eine detaillierte Potenzial-Analyse. Diese Analyse \u00fcbertrage ich auf die 9 Lebensfelder des Lo Shu, was eine pr\u00e4zise Blaupause Deiner individuellen St\u00e4rken und Talente erm\u00f6glicht. Gleichzeitig offenbart sie auch m\u00f6gliche innere Saboteure, die Dich daran hindern k\u00f6nnten, dein volles Potenzial zu entfalten.<\/p>\n<p>Durch die Verbindung dieser Erkenntnisse mit meinem chiSign Erfolgslogo biete ich Dir eine ma\u00dfgeschneiderte L\u00f6sung, die nicht nur Deine pers\u00f6nliche Energie aktiviert, sondern dir auch hilft, Dein Leben und deine beruflichen Ziele optimal zu harmonisieren, so dass sich Deine wahre Lebensbestimmung herauskristallisiert.<\/p>\n<p>Eine vollst\u00e4ndige Potential-Analyse (ca. 20 Seiten) ist bei einem chiSign Erfolgslogo im Wert von 198.- Gl\u00fcckseuros &nbsp;inbegriffen!<\/p>\n<p><span style=\"font-family: Roboto, sans-serif; font-size: 14px; font-style: normal; font-variant-caps: normal; color: var( --e-global-color-text ); letter-spacing: 1.2px;\">&nbsp;<\/span><\/p>\t\t\t\t\t<\/div>\n\t\t\t\t\t\t<\/div>\n\t\t\t\t<\/div>\n\t\t\t\t\t\t<\/div>\n\t\t\t\t\t<\/div>\n\t\t<\/div>\n\t\t\t\t\t\t\t\t<\/div>\n\t\t\t\t\t<\/div>\n\t\t<\/section>\n\t\t\t\t\t\t<\/div>\n\t\t\t\t\t\t<\/div>\n\t\t\t\t\t<\/div>\n\t\t","protected":false},"excerpt":{"rendered":"<p>chiSign LO SHU \u2013 Die Kraft der 9 Lebensfelder Das LOSHU wird \u00fcber die Daten des Kunden (Geburtsdatum, Geburtsstunde, Vornamen, Familienname, Geburtname und ggf. Firmenname) ermittelt. Das LOSHU ist eine&nbsp;uralte Methode aus dem Taoismus und wird auch oft f\u00fcr die Feng-Shui Beratung und bei vielen Firmen in Asien zur Einstellung von Mitarbeitern hinzugezogen.&nbsp;Das LOSHU ist [&hellip;]<\/p>\n","protected":false},"author":1,"featured_media":0,"parent":0,"menu_order":0,"comment_status":"closed","ping_status":"closed","template":"","meta":{"om_disable_all_campaigns":false,"_monsterinsights_skip_tracking":false,"_monsterinsights_sitenote_active":false,"_monsterinsights_sitenote_note":"","_monsterinsights_sitenote_category":0},"_links":{"self":[{"href":"http:\/\/quantania.de\/index.php?rest_route=\/wp\/v2\/pages\/739"}],"collection":[{"href":"http:\/\/quantania.de\/index.php?rest_route=\/wp\/v2\/pages"}],"about":[{"href":"http:\/\/quantania.de\/index.php?rest_route=\/wp\/v2\/types\/page"}],"author":[{"embeddable":true,"href":"http:\/\/quantania.de\/index.php?rest_route=\/wp\/v2\/users\/1"}],"replies":[{"embeddable":true,"href":"http:\/\/quantania.de\/index.php?rest_route=%2Fwp%2Fv2%2Fcomments&post=739"}],"version-history":[{"count":19,"href":"http:\/\/quantania.de\/index.php?rest_route=\/wp\/v2\/pages\/739\/revisions"}],"predecessor-version":[{"id":957,"href":"http:\/\/quantania.de\/index.php?rest_route=\/wp\/v2\/pages\/739\/revisions\/957"}],"wp:attachment":[{"href":"http:\/\/quantania.de\/index.php?rest_route=%2Fwp%2Fv2%2Fmedia&parent=739"}],"curies":[{"name":"wp","href":"https:\/\/api.w.org\/{rel}","templated":true}]}}